{"id":29,"date":"2014-06-30T13:57:36","date_gmt":"2014-06-30T13:57:36","guid":{"rendered":"http:\/\/imaspro.cl\/wp\/?page_id=29"},"modified":"2023-01-09T21:14:57","modified_gmt":"2023-01-09T21:14:57","slug":"masaje-de-piedras-calientes","status":"publish","type":"page","link":"https:\/\/imaspro.cl\/wp\/?page_id=29","title":{"rendered":"MASAJE DE PIEDRAS CALIENTES"},"content":{"rendered":"<p style=\"text-align: center;\"><strong>Hot Stone Massage \u2013 Masaje geotermal<\/strong><\/p>\n<p>La terapia Geotermal es una forma milenaria de comunicarnos con nuestro cuerpo, entenderlo y darle alivio a trav\u00e9s del poder energ\u00e9tico de las piedras. Un m\u00e9todo de trabajo en el que a\u00fana la fuerza natural de las piedras. En contacto con el cuerpo algunos minerales y las piedras l\u00e1vicas, calentadas con aceites esenciales a cierta temperatura liberan energ\u00edas que dan serenidad y bienestar a quien la recibe.<\/p>\n<p style=\"text-align: justify;\">El objetivo es el de conseguir un equilibrio energ\u00e9tico y eliminar las alteraciones de la fuerza vital, consideradas la verdadera causa de numerosos trastornos f\u00edsicos.<br \/>Esta terapia que incorpora en su protocolo piedras calientes y <img loading=\"lazy\" decoding=\"async\" class=\"alignnone wp-image-190 alignleft\" src=\"https:\/\/imaspro.cl\/wp\/wp-content\/uploads\/2014\/06\/wellness-spa-gloria-palace-300x206.jpg\" alt=\"\" width=\"302\" height=\"207\" srcset=\"https:\/\/imaspro.cl\/wp\/wp-content\/uploads\/2014\/06\/wellness-spa-gloria-palace-300x206.jpg 300w, https:\/\/imaspro.cl\/wp\/wp-content\/uploads\/2014\/06\/wellness-spa-gloria-palace-218x150.jpg 218w, https:\/\/imaspro.cl\/wp\/wp-content\/uploads\/2014\/06\/wellness-spa-gloria-palace-150x103.jpg 150w, https:\/\/imaspro.cl\/wp\/wp-content\/uploads\/2014\/06\/wellness-spa-gloria-palace.jpg 550w\" sizes=\"auto, (max-width: 302px) 100vw, 302px\" \/>frias, sobre la piel provoca respuestas sedativas y re energizadoras del cuerpo, al efectuar un masaje extremadamente relajante, combate el dolor, ayuda a recuperar el sue\u00f1o y beneficia el bienestar general. El curso se imparte en 4 clases para que el alumno adquiera la destreza y lo aplique en forma correcta..<\/p>\n<p><strong>Horario:<br \/><\/strong><\/p>\n<p>A elecci\u00f3n<\/p>\n<p><strong>Temario<\/strong><\/p>\n<ul>\n<li>Historia de la terapia<\/li>\n<li>Indicaciones y contra indicaciones<\/li>\n<li>Rocas bas\u00e1lticas:<\/li>\n<li>Aplicaciones terap\u00e9uticas.<\/li>\n<li>Productos para masaje<\/li>\n<li>Aceites vehiculares y esenciales<\/li>\n<li>Ordenamiento de sesi\u00f3n<\/li>\n<li>Secuencias de trabajo y Maniobras<\/li>\n<li>Efectos sobre los sistemas<\/li>\n<li>Limpieza del material<\/li>\n<li>Preparaci\u00f3n, cuidados y manipulaci\u00f3n de las piedras calientes.<\/li>\n<li>Demostraci\u00f3n pr\u00e1ctica del masaje con piedras calientes.<\/li>\n<li>Aplicaci\u00f3n pr\u00e1ctica de los movimientos b\u00e1sicos del masaje con piedras.<\/li>\n<li>Colocaci\u00f3n, movimientos y t\u00e9cnicas para piedras calientes en zona lumbar, espalda y miembro inferior, abdomen, miembro superior, occipital y t\u00f3rax.<\/li>\n<li>T\u00e9cnicas de masaje con piedras para espalda,<\/li>\n<li>Uso de piedras fr\u00edas en cara: colocaci\u00f3n de piedras semipreciosas<\/li>\n<li>Relaci\u00f3n y trato con el paciente<\/li>\n<\/ul>\n<p><strong>Optimiza tus masajes aprendiendo nuevas t\u00e9cnicas.<\/strong><br \/>El masaje con piedras calientes (Hot Stones Massage) es una especialidad del masaje en el que se utilizan piedras de origen volc\u00e1nico, que previamente se calientan en recipientes especiales, como medios para conseguir un masaje profundo y sumamente relajante<br \/>Efectos<br \/>&#8211; Aumenta la circulaci\u00f3n<br \/>&#8211; Aumenta la tonicidad y firmeza de la piel y tejidos superficiales.<br \/>&#8211; Calma los dolores de espalda, hombros y otros dolores articulares.<br \/>&#8211; Produce una relajaci\u00f3n profunda y \u00fanica.<br \/>&#8211; Descongestiona, relaja y descarga las fibras musculares.<br \/>&#8211; Aumenta la energ\u00eda y la sensaci\u00f3n de vitalidad<\/p>\n<p>\u00a0<\/p>\n<p><img loading=\"lazy\" decoding=\"async\" class=\"alignnone wp-image-192\" src=\"https:\/\/imaspro.cl\/wp\/wp-content\/uploads\/2014\/06\/4CF-300x199.jpg\" alt=\"\" width=\"280\" height=\"186\" srcset=\"https:\/\/imaspro.cl\/wp\/wp-content\/uploads\/2014\/06\/4CF-300x199.jpg 300w, https:\/\/imaspro.cl\/wp\/wp-content\/uploads\/2014\/06\/4CF-226x150.jpg 226w, https:\/\/imaspro.cl\/wp\/wp-content\/uploads\/2014\/06\/4CF-150x100.jpg 150w, https:\/\/imaspro.cl\/wp\/wp-content\/uploads\/2014\/06\/4CF.jpg 740w\" sizes=\"auto, (max-width: 280px) 100vw, 280px\" \/><img loading=\"lazy\" decoding=\"async\" class=\"alignnone wp-image-189\" src=\"https:\/\/imaspro.cl\/wp\/wp-content\/uploads\/2014\/06\/58OD10U101-300x225.jpg\" alt=\"\" width=\"261\" height=\"196\" srcset=\"https:\/\/imaspro.cl\/wp\/wp-content\/uploads\/2014\/06\/58OD10U101-300x225.jpg 300w, https:\/\/imaspro.cl\/wp\/wp-content\/uploads\/2014\/06\/58OD10U101-768x576.jpg 768w, https:\/\/imaspro.cl\/wp\/wp-content\/uploads\/2014\/06\/58OD10U101-1024x768.jpg 1024w, https:\/\/imaspro.cl\/wp\/wp-content\/uploads\/2014\/06\/58OD10U101-200x150.jpg 200w, https:\/\/imaspro.cl\/wp\/wp-content\/uploads\/2014\/06\/58OD10U101-150x113.jpg 150w, https:\/\/imaspro.cl\/wp\/wp-content\/uploads\/2014\/06\/58OD10U101.jpg 1200w\" sizes=\"auto, (max-width: 261px) 100vw, 261px\" \/><a id=\"set-post-thumbnail\" class=\"thickbox\" href=\"https:\/\/imaspro.cl\/wp\/wp-admin\/media-upload.php?post_id=29&amp;type=image&amp;TB_iframe=1\"><img loading=\"lazy\" decoding=\"async\" class=\"attachment-post-thumbnail aligncenter\" src=\"https:\/\/imaspro.cl\/wp\/wp-content\/uploads\/2014\/06\/masajes-piedras-calientes-3-150x87.jpg\" sizes=\"auto, (max-width: 150px) 100vw, 150px\" srcset=\"https:\/\/imaspro.cl\/wp\/wp-content\/uploads\/2014\/06\/masajes-piedras-calientes-3-150x87.jpg 150w, https:\/\/imaspro.cl\/wp\/wp-content\/uploads\/2014\/06\/masajes-piedras-calientes-3-300x174.jpg 300w, https:\/\/imaspro.cl\/wp\/wp-content\/uploads\/2014\/06\/masajes-piedras-calientes-3-250x145.jpg 250w, https:\/\/imaspro.cl\/wp\/wp-content\/uploads\/2014\/06\/masajes-piedras-calientes-3.jpg 605w\" alt=\"\" width=\"258\" height=\"150\" \/><\/a><\/p>\n<p>\u00a0<\/p>\n<p>\u00a0<\/p>\n\n","protected":false},"excerpt":{"rendered":"<p>Hot Stone Massage \u2013 Masaje geotermal La terapia Geotermal es una forma milenaria de comunicarnos con nuestro cuerpo, entenderlo y darle alivio a trav\u00e9s del poder energ\u00e9tico de las piedras. Un m\u00e9todo de trabajo en el que a\u00fana la fuerza natural de las piedras. En contacto con el cuerpo algunos &#8230;<\/p>\n<p class=\"continue-reading-button\"> <a class=\"continue-reading-link\" href=\"https:\/\/imaspro.cl\/wp\/?page_id=29\">Continue reading<i class=\"crycon-right-dir\"><\/i><\/a><\/p>\n","protected":false},"author":1,"featured_media":183,"parent":0,"menu_order":0,"comment_status":"closed","ping_status":"closed","template":"","meta":{"footnotes":""},"class_list":["post-29","page","type-page","status-publish","has-post-thumbnail","hentry"],"_links":{"self":[{"href":"https:\/\/imaspro.cl\/wp\/index.php?rest_route=\/wp\/v2\/pages\/29","targetHints":{"allow":["GET"]}}],"collection":[{"href":"https:\/\/imaspro.cl\/wp\/index.php?rest_route=\/wp\/v2\/pages"}],"about":[{"href":"https:\/\/imaspro.cl\/wp\/index.php?rest_route=\/wp\/v2\/types\/page"}],"author":[{"embeddable":true,"href":"https:\/\/imaspro.cl\/wp\/index.php?rest_route=\/wp\/v2\/users\/1"}],"replies":[{"embeddable":true,"href":"https:\/\/imaspro.cl\/wp\/index.php?rest_route=%2Fwp%2Fv2%2Fcomments&post=29"}],"version-history":[{"count":13,"href":"https:\/\/imaspro.cl\/wp\/index.php?rest_route=\/wp\/v2\/pages\/29\/revisions"}],"predecessor-version":[{"id":305,"href":"https:\/\/imaspro.cl\/wp\/index.php?rest_route=\/wp\/v2\/pages\/29\/revisions\/305"}],"wp:featuredmedia":[{"embeddable":true,"href":"https:\/\/imaspro.cl\/wp\/index.php?rest_route=\/wp\/v2\/media\/183"}],"wp:attachment":[{"href":"https:\/\/imaspro.cl\/wp\/index.php?rest_route=%2Fwp%2Fv2%2Fmedia&parent=29"}],"curies":[{"name":"wp","href":"https:\/\/api.w.org\/{rel}","templated":true}]}}