{"id":266,"date":"2019-03-10T22:35:08","date_gmt":"2019-03-10T22:35:08","guid":{"rendered":"http:\/\/imaspro.cl\/wp\/?page_id=266"},"modified":"2019-04-13T17:40:57","modified_gmt":"2019-04-13T17:40:57","slug":"terapia-craneosacral","status":"publish","type":"page","link":"https:\/\/imaspro.cl\/wp\/?page_id=266","title":{"rendered":"DIPLOMADO TERAPIA CRANEOSACRAL"},"content":{"rendered":"<h3 style=\"text-align: center;\"><strong>\u00a0<\/strong><\/h3>\n<p style=\"text-align: center;\"><strong>\u00bfQu\u00e9 es la Terapia Craneosacral?<\/strong><\/p>\n<p>La Terapia Craneosacral es una forma de trabajo corporal suave que tiene sus ra\u00edces en la medicina osteop\u00e1tica. La medicina osteop\u00e1tica se basa en tres contenidos fundamentales de filosof\u00eda y pr\u00e1ctica. El primer contenido es que la <strong>estructura y la funci\u00f3n<\/strong> est\u00e1n rec\u00edprocamente interrelacionadas. En otras palabras, el modo en que la estructura del cuerpo se mantiene afecta al modo en que funcionamos, y vice versa. El segundo contenido importante es que el <strong>cuerpo es una unidad integrada<\/strong>, tanto en su estado de salud como de enfermedad. Esto significa que el cuerpo no se puede dividir, ya que una parte influencia la otra, y hay que considerarlo como una totalidad unificada. El tercer contenido es que el <strong>cuerpo es capaz de auto sanarse<\/strong>; en otras palabras: el cuerpo tiene las capacidades innatas de curarse si se dan las condiciones adecuadas para que los mecanismos de curaci\u00f3n se manifieste<\/p>\n<p>Duraci\u00f3n:<\/p>\n<p>Inicio:<\/p>\n<p>Termino:<\/p>\n<p>Horario:<\/p>\n<p>Valor:<\/p>\n<p>El curso incluye material impreso, gu\u00edas \u00a0y textos no disponibles en Chile.<\/p>\n<h3 style=\"text-align: center;\"><strong>Temas centrales del curso<\/strong><\/h3>\n<ul>\n<li>Introducci\u00f3n<\/li>\n<li>Palpaci\u00f3n<\/li>\n<li>Las fascias y los diafragmas<\/li>\n<li>La base Craneal occipital y la descompresi\u00f3n lumbosacra<\/li>\n<li>El sistema hidr\u00e1ulico Semi-cerrado<\/li>\n<li>El tubo dural<\/li>\n<li>Introducci\u00f3n del punto de quietud<\/li>\n<li>Propagaci\u00f3n en V<\/li>\n<li>Sistema intracraneal de membranas<\/li>\n<li>Articulaci\u00f3n temporo mandibular y Huesos temporales<\/li>\n<li>Protocolos de evaluaci\u00f3n y Tratamiento<\/li>\n<\/ul>\n<p style=\"text-align: center;\"><strong>SOLO 6 CUPOS<\/strong><\/p>\n<p style=\"text-align: center;\">\n<p style=\"text-align: center;\">\n<p class=\"hide-if-no-js\">\n","protected":false},"excerpt":{"rendered":"<p>\u00a0 \u00bfQu\u00e9 es la Terapia Craneosacral? La Terapia Craneosacral es una forma de trabajo corporal suave que tiene sus ra\u00edces en la medicina osteop\u00e1tica. La medicina osteop\u00e1tica se basa en tres contenidos fundamentales de filosof\u00eda y pr\u00e1ctica. El primer contenido es que la estructura y la funci\u00f3n est\u00e1n rec\u00edprocamente interrelacionadas. &#8230;<\/p>\n<p class=\"continue-reading-button\"> <a class=\"continue-reading-link\" href=\"https:\/\/imaspro.cl\/wp\/?page_id=266\">Continue reading<i class=\"crycon-right-dir\"><\/i><\/a><\/p>\n","protected":false},"author":1,"featured_media":267,"parent":0,"menu_order":0,"comment_status":"closed","ping_status":"closed","template":"","meta":{"footnotes":""},"class_list":["post-266","page","type-page","status-publish","has-post-thumbnail","hentry"],"_links":{"self":[{"href":"https:\/\/imaspro.cl\/wp\/index.php?rest_route=\/wp\/v2\/pages\/266","targetHints":{"allow":["GET"]}}],"collection":[{"href":"https:\/\/imaspro.cl\/wp\/index.php?rest_route=\/wp\/v2\/pages"}],"about":[{"href":"https:\/\/imaspro.cl\/wp\/index.php?rest_route=\/wp\/v2\/types\/page"}],"author":[{"embeddable":true,"href":"https:\/\/imaspro.cl\/wp\/index.php?rest_route=\/wp\/v2\/users\/1"}],"replies":[{"embeddable":true,"href":"https:\/\/imaspro.cl\/wp\/index.php?rest_route=%2Fwp%2Fv2%2Fcomments&post=266"}],"version-history":[{"count":7,"href":"https:\/\/imaspro.cl\/wp\/index.php?rest_route=\/wp\/v2\/pages\/266\/revisions"}],"predecessor-version":[{"id":295,"href":"https:\/\/imaspro.cl\/wp\/index.php?rest_route=\/wp\/v2\/pages\/266\/revisions\/295"}],"wp:featuredmedia":[{"embeddable":true,"href":"https:\/\/imaspro.cl\/wp\/index.php?rest_route=\/wp\/v2\/media\/267"}],"wp:attachment":[{"href":"https:\/\/imaspro.cl\/wp\/index.php?rest_route=%2Fwp%2Fv2%2Fmedia&parent=266"}],"curies":[{"name":"wp","href":"https:\/\/api.w.org\/{rel}","templated":true}]}}