{"id":258,"date":"2019-03-07T19:17:27","date_gmt":"2019-03-07T19:17:27","guid":{"rendered":"http:\/\/imaspro.cl\/wp\/?page_id=258"},"modified":"2019-04-06T21:32:15","modified_gmt":"2019-04-06T21:32:15","slug":"quiromasaje-basico","status":"publish","type":"page","link":"https:\/\/imaspro.cl\/wp\/?page_id=258","title":{"rendered":"QUIROMASAJE BASICO"},"content":{"rendered":"<h2 style=\"text-align: center;\"><strong>CURSO QUIROMASAJE B\u00c1SICO<\/strong><\/h2>\n<p><a id=\"set-post-thumbnail\" class=\"thickbox\" href=\"https:\/\/imaspro.cl\/wp\/wp-admin\/media-upload.php?post_id=258&amp;type=image&amp;TB_iframe=1\"><img loading=\"lazy\" decoding=\"async\" class=\"attachment-post-thumbnail aligncenter\" src=\"https:\/\/imaspro.cl\/wp\/wp-content\/uploads\/2016\/12\/quiro13-150x95.png\" sizes=\"auto, (max-width: 150px) 100vw, 150px\" srcset=\"https:\/\/imaspro.cl\/wp\/wp-content\/uploads\/2016\/12\/quiro13-150x95.png 150w, https:\/\/imaspro.cl\/wp\/wp-content\/uploads\/2016\/12\/quiro13-300x189.png 300w, https:\/\/imaspro.cl\/wp\/wp-content\/uploads\/2016\/12\/quiro13-238x150.png 238w, https:\/\/imaspro.cl\/wp\/wp-content\/uploads\/2016\/12\/quiro13.png 622w\" alt=\"\" width=\"295\" height=\"187\" \/><\/a><\/p>\n<p>Curso orientado a personas que quieran partir en el mundo de la terapia manual \u00a0aprendiendo a hacer un buen masaje profesional. Comprende teor\u00eda y manipulaciones b\u00e1sicas para un masaje de relajaci\u00f3n con la posibilidad de seguir perfeccion\u00e1ndose.<\/p>\n<p><strong>Duraci\u00f3n<\/strong>\u00a0 260 horas de clases<\/p>\n<p><strong>Horario<\/strong><\/p>\n<p><strong>Inicio<\/strong><\/p>\n<p><strong>Valor<\/strong><\/p>\n<p>Matricula $<strong><br \/>\n<\/strong><\/p>\n<p>10 cuotas de $<\/p>\n<p>Se ense\u00f1an las t\u00e9cnicas del Dr. Vicente Lino Ferr\u00e1ndiz Garc\u00eda, creador del\u00a0 QUIROMASAJE en el a\u00f1o 1920 en Barcelona, Espa\u00f1a.<\/p>\n<p>Dirigido a personas que deseen estudiar una carrera corta, con futuro y renta\u00a0 atractiva.<\/p>\n<p>Para aprobar el curso es necesario acreditar 90% de asistencia, (solo pueden faltar 9 clases),\u00a0 un n\u00famero de 40 pacientes de pr\u00e1ctica, promedio nota 5 en parciales y en examen final.<br \/>\nEn caso de no alcanzar la nota necesaria para aprobar, deber\u00e1 prolongar la pr\u00e1ctica en 2 a 4 meses seg\u00fan las notas.<\/p>\n<p>A partir del primer mes de clases los alumnos est\u00e1n capacitados para atender pacientes a los que les pueden cobrar una suma m\u00f3dica usando las instalaciones de la escuela sin costo extra. As\u00ed pueden comenzar a ganar dinero mientras estudian. En el valor del curso est\u00e1n incluidos todos los materiales de estudio y practica. Se entrega gran cantidad de material impreso de estudio en anatom\u00eda y fisiolog\u00eda. Se ense\u00f1a a trabajar con distintos productos tales como cremas y aceites.<br \/>\nSe incluye tambi\u00e9n el delantal.<\/p>\n<p><strong>Malla curricular:<\/strong><\/p>\n<ul>\n<li>Anatom\u00eda, Fisiolog\u00eda, Histolog\u00eda, Miolog\u00eda, Osteolog\u00eda<\/li>\n<li>Fisio patolog\u00eda de la piel<br \/>\n\u2022 Sistema m\u00fasculo esquel\u00e9tico y nervios relacionados.<br \/>\n\u2022 Historia y evoluci\u00f3n del masaje.<\/li>\n<li>Beneficios del masaje para el organismo<\/li>\n<li>Efectos del masaje en los tejidos<\/li>\n<li>Niveles de acci\u00f3n del masaje.<br \/>\nAcci\u00f3n y efectos del masaje.<br \/>\n\u2022 Indicaciones y contra indicaciones.<\/li>\n<li>\u2022 Manipulaciones primarias y complementarias<br \/>\n\u2022 Distribuci\u00f3n y fases<br \/>\n\u2022 Secuencias y estructuras<\/li>\n<li>Pr\u00e1ctica de maniobras y secuencia<\/li>\n<li>Pr\u00e1ctica de t\u00e9cnicas<\/li>\n<li>Ergonom\u00eda<\/li>\n<li>Higiene Materiales<\/li>\n<li>Qu\u00edmica cosm\u00e9tica<\/li>\n<li>Permeabilidad selectiva de la piel<\/li>\n<li>Fichas de pacientes<\/li>\n<li>Conceptos de Bio\u00e9tica o \u00e9tica aplicada al \u00e1rea de la salud<\/li>\n<li>Conocimientos de marketing<\/li>\n<li>T\u00e9cnicas de venta de servicios y productos<\/li>\n<li>Idealizaci\u00f3n del cliente<\/li>\n<\/ul>\n<p>&nbsp;<\/p>\n<p><strong>\u00a0<\/strong><\/p>\n<p>&nbsp;<\/p>\n<p>&nbsp;<\/p>\n","protected":false},"excerpt":{"rendered":"<p>CURSO QUIROMASAJE B\u00c1SICO Curso orientado a personas que quieran partir en el mundo de la terapia manual \u00a0aprendiendo a hacer un buen masaje profesional. Comprende teor\u00eda y manipulaciones b\u00e1sicas para un masaje de relajaci\u00f3n con la posibilidad de seguir perfeccion\u00e1ndose. Duraci\u00f3n\u00a0 260 horas de clases Horario Inicio Valor Matricula $ &#8230;<\/p>\n<p class=\"continue-reading-button\"> <a class=\"continue-reading-link\" href=\"https:\/\/imaspro.cl\/wp\/?page_id=258\">Continue reading<i class=\"crycon-right-dir\"><\/i><\/a><\/p>\n","protected":false},"author":1,"featured_media":227,"parent":0,"menu_order":0,"comment_status":"closed","ping_status":"closed","template":"","meta":{"footnotes":""},"class_list":["post-258","page","type-page","status-publish","has-post-thumbnail","hentry"],"_links":{"self":[{"href":"https:\/\/imaspro.cl\/wp\/index.php?rest_route=\/wp\/v2\/pages\/258","targetHints":{"allow":["GET"]}}],"collection":[{"href":"https:\/\/imaspro.cl\/wp\/index.php?rest_route=\/wp\/v2\/pages"}],"about":[{"href":"https:\/\/imaspro.cl\/wp\/index.php?rest_route=\/wp\/v2\/types\/page"}],"author":[{"embeddable":true,"href":"https:\/\/imaspro.cl\/wp\/index.php?rest_route=\/wp\/v2\/users\/1"}],"replies":[{"embeddable":true,"href":"https:\/\/imaspro.cl\/wp\/index.php?rest_route=%2Fwp%2Fv2%2Fcomments&post=258"}],"version-history":[{"count":6,"href":"https:\/\/imaspro.cl\/wp\/index.php?rest_route=\/wp\/v2\/pages\/258\/revisions"}],"predecessor-version":[{"id":294,"href":"https:\/\/imaspro.cl\/wp\/index.php?rest_route=\/wp\/v2\/pages\/258\/revisions\/294"}],"wp:featuredmedia":[{"embeddable":true,"href":"https:\/\/imaspro.cl\/wp\/index.php?rest_route=\/wp\/v2\/media\/227"}],"wp:attachment":[{"href":"https:\/\/imaspro.cl\/wp\/index.php?rest_route=%2Fwp%2Fv2%2Fmedia&parent=258"}],"curies":[{"name":"wp","href":"https:\/\/api.w.org\/{rel}","templated":true}]}}