{"id":248,"date":"2019-02-15T20:09:51","date_gmt":"2019-02-15T20:09:51","guid":{"rendered":"http:\/\/imaspro.cl\/wp\/?page_id=248"},"modified":"2019-02-16T23:34:15","modified_gmt":"2019-02-16T23:34:15","slug":"nuestros-profesionales","status":"publish","type":"page","link":"https:\/\/imaspro.cl\/wp\/?page_id=248","title":{"rendered":"NUESTROS PROFESIONALES"},"content":{"rendered":"<p style=\"text-align: center;\"><strong>IMASPRO RECOMIENDA EN OSORNO <\/strong><\/p>\n<p style=\"text-align: center;\"><strong>LOS SIGUIENTES PROFESIONALES <\/strong><\/p>\n<p style=\"text-align: center;\"><strong>EGRESADOS CON DISTINCI\u00d3N DE NUESTRAS AULAS<\/strong><\/p>\n<p style=\"text-align: center;\">\n<ul style=\"text-align: center;\">\n<li><strong>Quiromasaje AW \u2013 Angela Webar<\/strong><\/li>\n<\/ul>\n<p style=\"text-align: center;\">Egresada de IMASPRO<\/p>\n<p style=\"text-align: center;\">Quiromasajista \u2013 Terapeuta en Drenaje linf\u00e1tico<\/p>\n<p style=\"text-align: center;\">Cosmet\u00f3loga esteticista<\/p>\n<p style=\"text-align: center;\">Celular\u00a0 9 5954 7916<\/p>\n<p style=\"text-align: center;\">\n<ul style=\"text-align: center;\">\n<li><strong>Dany Patricio Arcos Cumi\u00e1n<\/strong><\/li>\n<\/ul>\n<p style=\"text-align: center;\">Egresado de T\u00e9cnico Universitario en Industria Alimentaria<\/p>\n<p style=\"text-align: center;\">Egresado de IMASPRO<\/p>\n<p style=\"text-align: center;\">Quiromasajista<\/p>\n<p style=\"text-align: center;\">Celular\u00a0 9 3266 4056<\/p>\n<p style=\"text-align: center;\">\n<ul style=\"text-align: center;\">\n<li><strong>Oriana Arriagada Villarroel<\/strong><\/li>\n<\/ul>\n<p style=\"text-align: center;\">T\u00e9cnico en Administraci\u00f3n menci\u00f3n Computaci\u00f3n<\/p>\n<p style=\"text-align: center;\">Egresada de IMASPRO<\/p>\n<p style=\"text-align: center;\">Quiromasajista<\/p>\n<p style=\"text-align: center;\">Celular\u00a0\u00a0 9 6579 8035<\/p>\n<p style=\"text-align: center;\">\n<p style=\"text-align: center;\">\n<p style=\"text-align: center;\"><strong>DOCENTE<\/strong><\/p>\n<p style=\"text-align: center;\"><strong>Ana Maria Gonz\u00e1lez P.<\/strong><\/p>\n<p style=\"text-align: center;\">Quiromasajista Terap\u00e9utica Inmaster<\/p>\n<p style=\"text-align: center;\">Oste\u00f3pata \u00a0Esquitem<\/p>\n<p style=\"text-align: center;\">Terapeuta drenaje linf\u00e1tico Alain Ganancia<\/p>\n<p style=\"text-align: center;\">Terapeuta craneo sacral Upledger Institut<\/p>\n<p style=\"text-align: center;\">Cosmet\u00f3loga esteticista reg Minsal 66-C a\u00f1o 1982<\/p>\n<p style=\"text-align: center;\">Celular\u00a0 9 9647 0530<\/p>\n<p style=\"text-align: center;\">\n<hr \/>\n<p class=\"hide-if-no-js\"><a id=\"set-post-thumbnail\" class=\"thickbox\" href=\"https:\/\/imaspro.cl\/wp\/wp-admin\/media-upload.php?post_id=248&amp;type=image&amp;TB_iframe=1\"><img loading=\"lazy\" decoding=\"async\" class=\"attachment-post-thumbnail aligncenter\" src=\"https:\/\/imaspro.cl\/wp\/wp-content\/uploads\/2014\/06\/logo-150x46.jpg\" sizes=\"auto, (max-width: 150px) 100vw, 150px\" srcset=\"https:\/\/imaspro.cl\/wp\/wp-content\/uploads\/2014\/06\/logo-150x46.jpg 150w, https:\/\/imaspro.cl\/wp\/wp-content\/uploads\/2014\/06\/logo-300x93.jpg 300w, https:\/\/imaspro.cl\/wp\/wp-content\/uploads\/2014\/06\/logo-250x78.jpg 250w, https:\/\/imaspro.cl\/wp\/wp-content\/uploads\/2014\/06\/logo.jpg 960w\" alt=\"\" width=\"437\" height=\"134\" \/><\/a><\/p>\n<p>&nbsp;<\/p>\n","protected":false},"excerpt":{"rendered":"<p>IMASPRO RECOMIENDA EN OSORNO LOS SIGUIENTES PROFESIONALES EGRESADOS CON DISTINCI\u00d3N DE NUESTRAS AULAS Quiromasaje AW \u2013 Angela Webar Egresada de IMASPRO Quiromasajista \u2013 Terapeuta en Drenaje linf\u00e1tico Cosmet\u00f3loga esteticista Celular\u00a0 9 5954 7916 Dany Patricio Arcos Cumi\u00e1n Egresado de T\u00e9cnico Universitario en Industria Alimentaria Egresado de IMASPRO Quiromasajista Celular\u00a0 9 &#8230;<\/p>\n<p class=\"continue-reading-button\"> <a class=\"continue-reading-link\" href=\"https:\/\/imaspro.cl\/wp\/?page_id=248\">Continue reading<i class=\"crycon-right-dir\"><\/i><\/a><\/p>\n","protected":false},"author":1,"featured_media":8,"parent":0,"menu_order":0,"comment_status":"closed","ping_status":"closed","template":"","meta":{"footnotes":""},"class_list":["post-248","page","type-page","status-publish","has-post-thumbnail","hentry"],"_links":{"self":[{"href":"https:\/\/imaspro.cl\/wp\/index.php?rest_route=\/wp\/v2\/pages\/248","targetHints":{"allow":["GET"]}}],"collection":[{"href":"https:\/\/imaspro.cl\/wp\/index.php?rest_route=\/wp\/v2\/pages"}],"about":[{"href":"https:\/\/imaspro.cl\/wp\/index.php?rest_route=\/wp\/v2\/types\/page"}],"author":[{"embeddable":true,"href":"https:\/\/imaspro.cl\/wp\/index.php?rest_route=\/wp\/v2\/users\/1"}],"replies":[{"embeddable":true,"href":"https:\/\/imaspro.cl\/wp\/index.php?rest_route=%2Fwp%2Fv2%2Fcomments&post=248"}],"version-history":[{"count":4,"href":"https:\/\/imaspro.cl\/wp\/index.php?rest_route=\/wp\/v2\/pages\/248\/revisions"}],"predecessor-version":[{"id":253,"href":"https:\/\/imaspro.cl\/wp\/index.php?rest_route=\/wp\/v2\/pages\/248\/revisions\/253"}],"wp:featuredmedia":[{"embeddable":true,"href":"https:\/\/imaspro.cl\/wp\/index.php?rest_route=\/wp\/v2\/media\/8"}],"wp:attachment":[{"href":"https:\/\/imaspro.cl\/wp\/index.php?rest_route=%2Fwp%2Fv2%2Fmedia&parent=248"}],"curies":[{"name":"wp","href":"https:\/\/api.w.org\/{rel}","templated":true}]}}