{"id":218,"date":"2018-07-26T14:35:56","date_gmt":"2018-07-26T14:35:56","guid":{"rendered":"http:\/\/imaspro.cl\/wp\/?page_id=218"},"modified":"2019-03-22T17:03:07","modified_gmt":"2019-03-22T17:03:07","slug":"curso-masaje-neuro-fisiologico","status":"publish","type":"page","link":"https:\/\/imaspro.cl\/wp\/?page_id=218","title":{"rendered":"Curso Masaje Neuro fisiologico"},"content":{"rendered":"<p><a id=\"set-post-thumbnail\" class=\"thickbox\" href=\"https:\/\/imaspro.cl\/wp\/wp-admin\/media-upload.php?post_id=218&amp;type=image&amp;TB_iframe=1\"><img loading=\"lazy\" decoding=\"async\" class=\"attachment-post-thumbnail aligncenter\" src=\"https:\/\/imaspro.cl\/wp\/wp-content\/uploads\/2018\/07\/NEUR3-150x45.jpg\" sizes=\"auto, (max-width: 150px) 100vw, 150px\" srcset=\"https:\/\/imaspro.cl\/wp\/wp-content\/uploads\/2018\/07\/NEUR3-150x45.jpg 150w, https:\/\/imaspro.cl\/wp\/wp-content\/uploads\/2018\/07\/NEUR3-300x91.jpg 300w, https:\/\/imaspro.cl\/wp\/wp-content\/uploads\/2018\/07\/NEUR3-768x232.jpg 768w, https:\/\/imaspro.cl\/wp\/wp-content\/uploads\/2018\/07\/NEUR3.jpg 1024w, https:\/\/imaspro.cl\/wp\/wp-content\/uploads\/2018\/07\/NEUR3-250x75.jpg 250w\" alt=\"\" width=\"337\" height=\"101\" \/><\/a>Es una t\u00e9cnica basada en emociones y su manifestaci\u00f3n en distintas zonas del cuerpo<br \/>\nEl ser humano posee un mundo material y otro emocional<br \/>\nCada emoci\u00f3n se refleja en una alteraci\u00f3n de distintas zonas corporales causando molestias y finalmente enfermedades.<br \/>\nIndicado para personas con estr\u00e9s que general alteraciones a nivel f\u00edsico y org\u00e1nico<\/p>\n<p><strong>OBJETIVO DEL CURSO<\/strong><br \/>\n* Conocer los tipos y clasificaci\u00f3n de emociones<br \/>\n* Saber c\u00f3mo canalizan y se manifiestan en el organismo<br \/>\n* Tratar pacientes en el plano f\u00edsico y emocional con diferentes t\u00e9cnicas<\/p>\n<p>Dentro del curso se ense\u00f1an t\u00e9cnicas de quiromasaje, aromaterapia, shiatzu y medicina sintergetica<br \/>\nMatriculas abierta y Cupos limitados<\/p>\n<p>Consultas al whatsapp +569 9647 0530<\/p>\n","protected":false},"excerpt":{"rendered":"<p>Es una t\u00e9cnica basada en emociones y su manifestaci\u00f3n en distintas zonas del cuerpo El ser humano posee un mundo material y otro emocional Cada emoci\u00f3n se refleja en una alteraci\u00f3n de distintas zonas corporales causando molestias y finalmente enfermedades. Indicado para personas con estr\u00e9s que general alteraciones a nivel &#8230;<\/p>\n<p class=\"continue-reading-button\"> <a class=\"continue-reading-link\" href=\"https:\/\/imaspro.cl\/wp\/?page_id=218\">Continue reading<i class=\"crycon-right-dir\"><\/i><\/a><\/p>\n","protected":false},"author":1,"featured_media":219,"parent":0,"menu_order":0,"comment_status":"closed","ping_status":"closed","template":"","meta":{"footnotes":""},"class_list":["post-218","page","type-page","status-publish","has-post-thumbnail","hentry"],"_links":{"self":[{"href":"https:\/\/imaspro.cl\/wp\/index.php?rest_route=\/wp\/v2\/pages\/218","targetHints":{"allow":["GET"]}}],"collection":[{"href":"https:\/\/imaspro.cl\/wp\/index.php?rest_route=\/wp\/v2\/pages"}],"about":[{"href":"https:\/\/imaspro.cl\/wp\/index.php?rest_route=\/wp\/v2\/types\/page"}],"author":[{"embeddable":true,"href":"https:\/\/imaspro.cl\/wp\/index.php?rest_route=\/wp\/v2\/users\/1"}],"replies":[{"embeddable":true,"href":"https:\/\/imaspro.cl\/wp\/index.php?rest_route=%2Fwp%2Fv2%2Fcomments&post=218"}],"version-history":[{"count":7,"href":"https:\/\/imaspro.cl\/wp\/index.php?rest_route=\/wp\/v2\/pages\/218\/revisions"}],"predecessor-version":[{"id":286,"href":"https:\/\/imaspro.cl\/wp\/index.php?rest_route=\/wp\/v2\/pages\/218\/revisions\/286"}],"wp:featuredmedia":[{"embeddable":true,"href":"https:\/\/imaspro.cl\/wp\/index.php?rest_route=\/wp\/v2\/media\/219"}],"wp:attachment":[{"href":"https:\/\/imaspro.cl\/wp\/index.php?rest_route=%2Fwp%2Fv2%2Fmedia&parent=218"}],"curies":[{"name":"wp","href":"https:\/\/api.w.org\/{rel}","templated":true}]}}