{"id":196,"date":"2017-10-05T14:14:58","date_gmt":"2017-10-05T14:14:58","guid":{"rendered":"http:\/\/imaspro.cl\/wp\/?page_id=196"},"modified":"2019-03-22T17:02:29","modified_gmt":"2019-03-22T17:02:29","slug":"curso-drenaje-linfatico","status":"publish","type":"page","link":"https:\/\/imaspro.cl\/wp\/?page_id=196","title":{"rendered":"CURSO DRENAJE LINFATICO"},"content":{"rendered":"<p style=\"text-align: center;\"><strong>CURSO DRENAJE LINFATICO<\/strong><\/p>\n<p class=\"hide-if-no-js\"><a id=\"set-post-thumbnail\" class=\"thickbox\" href=\"https:\/\/imaspro.cl\/wp\/wp-admin\/media-upload.php?post_id=196&amp;type=image&amp;TB_iframe=1\"><img loading=\"lazy\" decoding=\"async\" class=\"attachment-post-thumbnail size-post-thumbnail aligncenter\" src=\"https:\/\/imaspro.cl\/wp\/wp-content\/uploads\/2017\/10\/linfat-rostr-150x147.png\" sizes=\"auto, (max-width: 150px) 100vw, 150px\" srcset=\"https:\/\/imaspro.cl\/wp\/wp-content\/uploads\/2017\/10\/linfat-rostr-150x147.png 150w, https:\/\/imaspro.cl\/wp\/wp-content\/uploads\/2017\/10\/linfat-rostr-300x294.png 300w, https:\/\/imaspro.cl\/wp\/wp-content\/uploads\/2017\/10\/linfat-rostr-153x150.png 153w, https:\/\/imaspro.cl\/wp\/wp-content\/uploads\/2017\/10\/linfat-rostr.png 338w\" alt=\"\" width=\"150\" height=\"147\" \/><\/a><\/p>\n<p style=\"margin: 0cm; margin-bottom: .0001pt; tab-stops: 269.35pt;\"><strong><span style=\"font-family: 'Arial','sans-serif';\">Este curso es el tercer nivel para obtener el grado de QUIROMASAJISTA TERAPEUTICO y complemento del curso ESTETICA CORPORAL<\/span><\/strong><\/p>\n<p><strong>DURACION<\/strong>\u00a0\u00a0\u00a0 160\u00a0 horas<\/p>\n<p><strong>HORARIOS<\/strong><strong>: \u00a0<\/strong><\/p>\n<p><strong>INICIO<\/strong><strong>\u00a0 :<br \/>\n<\/strong><\/p>\n<p><strong>REQUISITOS\u00a0\u00a0\u00a0\u00a0\u00a0\u00a0\u00a0\u00a0\u00a0 <\/strong><\/p>\n<p>Certificado de Ense\u00f1anza Media.<\/p>\n<p><strong>DOCUMENTOS<\/strong> <strong>NECESARIOS<\/strong>:<br \/>\n\u2022 Copia Cedula identidad.<br \/>\n<strong>\u2022 <\/strong>Copia c\u00e9dula identidad Sostenedor de la carrera.<br \/>\n\u2022 Documento que acredite domicilio del sostenedor de los estudios (boleta servicios b\u00e1sicos etc..)<br \/>\n\u2022 Entrevista personal de evaluaci\u00f3n.<\/p>\n<p>Se ense\u00f1an las t\u00e9cnicas de drenaje del Dr. Emil Vodder, del Dr. Ferr\u00e1ndiz y del profesor Alain Ganancia.<br \/>\n<strong>TEMARIO<\/strong><\/p>\n<p style=\"margin: 0cm; margin-bottom: .0001pt;\"><span style=\"font-size: 10.0pt;\">Definici\u00f3n del DLM<\/span><\/p>\n<p style=\"margin: 0cm; margin-bottom: .0001pt;\"><span style=\"font-size: 10.0pt;\">Antecedentes hist\u00f3ricos<\/span><\/p>\n<p style=\"margin: 0cm; margin-bottom: .0001pt;\"><span style=\"font-size: 10.0pt;\">Introducci\u00f3n al Drenaje Linf\u00e1tico Manual<\/span><\/p>\n<p style=\"margin: 0cm; margin-bottom: .0001pt;\"><span style=\"font-size: 10.0pt;\">Principios fundamentales del DLM.<\/span><\/p>\n<p style=\"margin: 0cm; margin-bottom: .0001pt;\"><span style=\"font-size: 10.0pt;\">Anatom\u00eda y fisiolog\u00eda del Sistema Linf\u00e1tico<\/span><\/p>\n<p style=\"margin: 0cm; margin-bottom: .0001pt;\"><span style=\"font-size: 10.0pt;\">Fisiolog\u00eda b\u00e1sica del Sistema Linf\u00e1tico (Apoyo de esquemas ilustrados: Ganglios linf\u00e1ticos, cuadrantes linf\u00e1ticos y direcci\u00f3n de vaciaje.\u00a0<\/span><\/p>\n<p style=\"margin: 0cm; margin-bottom: .0001pt;\"><span style=\"font-size: 10.0pt;\">Indicaciones, contra indicaciones y precauciones del Drenaje<\/span><\/p>\n<p style=\"margin: 0cm; margin-bottom: .0001pt;\"><span style=\"font-size: 10.0pt;\">Campo de acci\u00f3n del drenaje linf\u00e1tico<\/span><\/p>\n<p style=\"margin: 0cm; margin-bottom: .0001pt;\"><span style=\"font-size: 10.0pt;\">Objetivos del drenaje linf\u00e1tico<\/span><\/p>\n<p style=\"margin: 0cm; margin-bottom: .0001pt;\"><span style=\"font-size: 10.0pt;\">Beneficios del Drenaje<\/span><\/p>\n<p style=\"margin: 0cm; margin-bottom: .0001pt;\"><span style=\"font-size: 10.0pt;\">Los linfo edemas<\/span><\/p>\n<p style=\"margin: 0cm; margin-bottom: .0001pt;\"><span style=\"font-size: 10.0pt;\">Efectos Fisiol\u00f3gicos del DLM<\/span><\/p>\n<p style=\"margin: 0cm; margin-bottom: .0001pt;\"><span style=\"font-size: 10.0pt;\">Aplicaci\u00f3n del DLM<\/span><\/p>\n<p style=\"margin: 0cm; margin-bottom: .0001pt;\"><span style=\"font-size: 10.0pt;\">Indicaciones m\u00e9dicas<\/span><\/p>\n<p style=\"margin: 0cm; margin-bottom: .0001pt;\"><span style=\"font-size: 10.0pt;\">Indicaciones deportivas<\/span><\/p>\n<p style=\"margin: 0cm; margin-bottom: .0001pt;\"><span style=\"font-size: 10.0pt;\">Indicaciones est\u00e9ticas<\/span><\/p>\n<p style=\"margin: 0cm; margin-bottom: .0001pt;\"><strong><span style=\"font-size: 10.0pt;\">Edemas: <\/span><\/strong>Origen, clasificaci\u00f3n y evoluci\u00f3n.<\/p>\n<p style=\"margin: 0cm; margin-bottom: .0001pt;\"><strong><span style=\"font-size: 10.0pt;\">Indicaciones est\u00e9ticas:<\/span><\/strong><span style=\"font-size: 10.0pt;\"> Cut\u00e1neas, celulitis, etc.<\/span><\/p>\n<p style=\"margin: 0cm; margin-bottom: .0001pt;\"><strong><span style=\"font-size: 10.0pt;\">Indicaciones m\u00e9dicas:<\/span><\/strong><span style=\"font-size: 10.0pt;\"> Linfo edemas, embarazos, etc.<\/span><\/p>\n<p style=\"margin: 0cm; margin-bottom: .0001pt;\"><span style=\"font-size: 10.0pt;\">Cuadrantes y divisorios linf\u00e1ticos<\/span><\/p>\n<p style=\"margin: 0cm; margin-bottom: .0001pt;\"><span style=\"font-size: 10.0pt;\">Consideraciones (apoyo, empuje, relajaci\u00f3n).<\/span><\/p>\n<p style=\"margin: 0cm; margin-bottom: .0001pt;\"><span style=\"font-size: 10.0pt;\">Direcci\u00f3n y Sentido del Drenaje<\/span><\/p>\n<p style=\"margin: 0cm; margin-bottom: .0001pt;\"><span style=\"font-size: 10.0pt;\">Zonas anat\u00f3micas &#8211; \u00e1reas tributarias y t\u00e9cnicas de Drenaje Linf\u00e1tico.<\/span><\/p>\n<p style=\"margin: 0cm; margin-bottom: .0001pt;\"><span style=\"font-size: 10.0pt;\">Mapa de Kubik<\/span><\/p>\n<p style=\"margin: 0cm; margin-bottom: .0001pt;\"><span style=\"font-size: 10.0pt;\">Protocolos de aplicaci\u00f3n por zonas anat\u00f3micas &#8211; \u00e1reas tributarias.<\/span><\/p>\n<p style=\"margin: 0cm; margin-bottom: .0001pt;\"><span style=\"font-size: 10.0pt;\">Preparaci\u00f3n para la aplicaci\u00f3n de Drenaje Linf\u00e1tico.<\/span><\/p>\n<p style=\"margin: 0cm; margin-bottom: .0001pt;\"><span style=\"font-size: 10.0pt;\">Higiene y aplicaci\u00f3n de productos<\/span><\/p>\n<p style=\"margin: 0cm; margin-bottom: .0001pt;\"><span style=\"font-size: 10.0pt;\">Correcta postura del Masajista<\/span><\/p>\n<p style=\"margin: 0cm; margin-bottom: .0001pt;\"><strong><span style=\"font-size: 10.0pt;\">Manipulaciones Vodder, Ferr\u00e1ndiz y Ganancia<\/span><\/strong><\/p>\n<p style=\"margin: 0cm; margin-bottom: .0001pt;\"><span style=\"font-size: 10.0pt;\">T\u00e9cnica de masaje de Drenaje Linf\u00e1tico : Manipulaciones y Bombeos respiratorios<\/span><\/p>\n<p style=\"margin: 0cm; margin-bottom: .0001pt;\"><strong><span style=\"font-size: 10.0pt;\">Drenaje Linf\u00e1tico por zonas<\/span><\/strong><\/p>\n<p style=\"margin: 0cm; margin-bottom: .0001pt;\"><span style=\"font-size: 10.0pt;\">El vendaje compresivo. T\u00e9cnica de postura de envolvimiento Osmotic<\/span><\/p>\n<p style=\"margin: 0cm; margin-bottom: .0001pt;\"><span style=\"font-size: 10.0pt;\">Patolog\u00edas en el Drenaje.<\/span><\/p>\n<p style=\"margin: 0cm; margin-bottom: .0001pt;\"><strong><span style=\"font-size: 10.0pt;\">Cl\u00ednica Pr\u00e1ctica<\/span><\/strong><span style=\"font-size: 10.0pt;\"> Presentar minimo 20 sesiones de tratamiento<br \/>\n<strong>Aplicaci\u00f3n del DLM en Dermatolog\u00eda, Reumatolog\u00eda, Oncolog\u00eda, Geriatr\u00eda, etc.<\/strong><br \/>\n<strong>Aplicaciones del DLM en Est\u00e9tica.<\/strong><\/span><\/p>\n<p>&nbsp;<\/p>\n<p>&nbsp;<\/p>\n","protected":false},"excerpt":{"rendered":"<p>CURSO DRENAJE LINFATICO Este curso es el tercer nivel para obtener el grado de QUIROMASAJISTA TERAPEUTICO y complemento del curso ESTETICA CORPORAL DURACION\u00a0\u00a0\u00a0 160\u00a0 horas HORARIOS: \u00a0 INICIO\u00a0 : REQUISITOS\u00a0\u00a0\u00a0\u00a0\u00a0\u00a0\u00a0\u00a0\u00a0 Certificado de Ense\u00f1anza Media. DOCUMENTOS NECESARIOS: \u2022 Copia Cedula identidad. \u2022 Copia c\u00e9dula identidad Sostenedor de la carrera. \u2022 Documento &#8230;<\/p>\n<p class=\"continue-reading-button\"> <a class=\"continue-reading-link\" href=\"https:\/\/imaspro.cl\/wp\/?page_id=196\">Continue reading<i class=\"crycon-right-dir\"><\/i><\/a><\/p>\n","protected":false},"author":1,"featured_media":197,"parent":0,"menu_order":0,"comment_status":"closed","ping_status":"closed","template":"","meta":{"footnotes":""},"class_list":["post-196","page","type-page","status-publish","has-post-thumbnail","hentry"],"_links":{"self":[{"href":"https:\/\/imaspro.cl\/wp\/index.php?rest_route=\/wp\/v2\/pages\/196","targetHints":{"allow":["GET"]}}],"collection":[{"href":"https:\/\/imaspro.cl\/wp\/index.php?rest_route=\/wp\/v2\/pages"}],"about":[{"href":"https:\/\/imaspro.cl\/wp\/index.php?rest_route=\/wp\/v2\/types\/page"}],"author":[{"embeddable":true,"href":"https:\/\/imaspro.cl\/wp\/index.php?rest_route=\/wp\/v2\/users\/1"}],"replies":[{"embeddable":true,"href":"https:\/\/imaspro.cl\/wp\/index.php?rest_route=%2Fwp%2Fv2%2Fcomments&post=196"}],"version-history":[{"count":5,"href":"https:\/\/imaspro.cl\/wp\/index.php?rest_route=\/wp\/v2\/pages\/196\/revisions"}],"predecessor-version":[{"id":285,"href":"https:\/\/imaspro.cl\/wp\/index.php?rest_route=\/wp\/v2\/pages\/196\/revisions\/285"}],"wp:featuredmedia":[{"embeddable":true,"href":"https:\/\/imaspro.cl\/wp\/index.php?rest_route=\/wp\/v2\/media\/197"}],"wp:attachment":[{"href":"https:\/\/imaspro.cl\/wp\/index.php?rest_route=%2Fwp%2Fv2%2Fmedia&parent=196"}],"curies":[{"name":"wp","href":"https:\/\/api.w.org\/{rel}","templated":true}]}}