{"id":14,"date":"2014-06-26T22:05:30","date_gmt":"2014-06-26T22:05:30","guid":{"rendered":"http:\/\/imaspro.cl\/wp\/?page_id=14"},"modified":"2023-01-09T21:05:03","modified_gmt":"2023-01-09T21:05:03","slug":"quiromasaje","status":"publish","type":"page","link":"https:\/\/imaspro.cl\/wp\/?page_id=14","title":{"rendered":"QUIROMASAJE"},"content":{"rendered":"<h3 style=\"text-align: center;\"><strong>CURSO QUIROMASAJE TERAP\u00c9UTICO<\/strong><\/h3>\n<h3 style=\"text-align: left;\"><\/h3>\n<p style=\"text-align: justify;\"><strong>REQUISITOS<\/strong><br \/>\nCertificado de Ense\u00f1anza Media.<\/p>\n<p style=\"text-align: justify;\"><strong>DOCUMENTOS NECESARIOS:<\/strong><br \/>\n\u2022 Copia C\u00e9dula identidad.<br \/>\n\u2022 Copia c\u00e9dula identidad Sostenedor de la carrera.<br \/>\n\u2022 Documento que acredite domicilio del sostenedor de los estudios (recibo arriendo, boleta servicios b\u00e1sicos etc..)<br \/>\n\u2022 Entrevista personal de evaluaci\u00f3n.<\/p>\n<p style=\"text-align: justify;\">Se ense\u00f1an las t\u00e9cnicas del Dr. Vicente Lino Ferrandiz Garcia, creador del QUIROMASAJE en el a\u00f1o 1920 en Barcelona, Espa\u00f1a.\u00a0 La ense\u00f1anza que imparte IMASPRO\u00a0 es seg\u00fan el m\u00e9todo de INMASTER del maestro ENRIC\u00a0 CASTELLS GARCIA .<br \/>\nContiene los temas incluidos en el proyecto de reglamento para el ejercicio del Quiromasaje del Servicio de Salud.<\/p>\n<p><strong>\u00a0<\/strong><\/p>\n<h3 style=\"text-align: left;\"><strong><img loading=\"lazy\" decoding=\"async\" class=\"wp-image-132 alignright\" src=\"https:\/\/imaspro.cl\/wp\/wp-content\/uploads\/2014\/06\/enric-201x300.jpg\" alt=\"enric\" width=\"175\" height=\"261\" srcset=\"https:\/\/imaspro.cl\/wp\/wp-content\/uploads\/2014\/06\/enric-201x300.jpg 201w, https:\/\/imaspro.cl\/wp\/wp-content\/uploads\/2014\/06\/enric-100x150.jpg 100w, https:\/\/imaspro.cl\/wp\/wp-content\/uploads\/2014\/06\/enric.jpg 669w\" sizes=\"auto, (max-width: 175px) 100vw, 175px\" \/><\/strong><\/h3>\n<h3 style=\"text-align: left;\"><\/h3>\n<h3 style=\"text-align: left;\"><\/h3>\n<p><strong>Para optar al grado de QUIROMASAJISTA <\/strong><strong>TERAPEUTICO.<\/strong><\/p>\n<p>En fecha pr\u00f3xima el Ministerio de salud pondr\u00e1 en vigencia el Reglamento de los masajistas, haciendo obligatorio haber cursado estudios regulares y aprobar un examen ante el Seremi respectivo para ejercer. Por esta raz\u00f3n es que este curso a partir del 2016 tendr\u00e1 una duraci\u00f3n de\u00a0 1600 horas de clases. IMASPRO entregara las materias por m\u00f3dulos que tendr\u00e1n un orden correlativo.<\/p>\n<p>Estos son:<\/p>\n<p>1.\u00a0\u00a0\u00a0\u00a0 Quiromasaje \u00a0b\u00e1sico y Aromaterapia \u00a0\u00a0\u00a0\u00a0\u00a0\u00a0\u00a0\u00a0\u00a0\u00a0\u00a0\u00a0\u00a0\u00a0\u00a0\u00a0\u00a0\u00a0\u00a0 320 horas<\/p>\n<p>2.\u00a0\u00a0\u00a0\u00a0 Masaje defatigante y deportivo\u00a0\u00a0\u00a0\u00a0 \u00a0 \u00a0 \u00a0 \u00a0 \u00a0 \u00a0 \u00a0 \u00a0 \u00a0 \u00a0 \u00a0 \u00a0\u00a0 80 horas<\/p>\n<p>3.\u00a0\u00a0\u00a0\u00a0 Drenaje linf\u00e1tico\u00a0\u00a0\u00a0\u00a0\u00a0\u00a0\u00a0\u00a0\u00a0\u00a0\u00a0\u00a0\u00a0\u00a0\u00a0\u00a0\u00a0\u00a0\u00a0\u00a0\u00a0\u00a0\u00a0\u00a0 \u00a0 \u00a0 \u00a0 \u00a0 \u00a0 \u00a0 \u00a0 \u00a0 \u00a0 \u00a0 \u00a0 \u00a0 \u00a0\u00a0 \u00a0 160 horas<\/p>\n<p>4.\u00a0\u00a0\u00a0\u00a0 Tratamiento del stress, masajes neurosedante \u00a0y miorelajante\u00a0\u00a0\u00a0 240 horas<\/p>\n<p>5.\u00a0\u00a0\u00a0\u00a0 Masaje descontracturante\u00a0 \u00a0\u00a0\u00a0\u00a0\u00a0\u00a0\u00a0\u00a0\u00a0\u00a0\u00a0 \u00a0 \u00a0 \u00a0 \u00a0 \u00a0 \u00a0 \u00a0\u00a0\u00a0\u00a0\u00a0 \u00a0\u00a0 \u00a0\u00a0\u00a0 280 horas<\/p>\n<p>6.\u00a0\u00a0\u00a0\u00a0 Masaje con piedras calientes y pindas\u00a0\u00a0\u00a0 \u00a0 \u00a0 \u00a0 \u00a0 \u00a0 \u00a0 \u00a0 80 horas<\/p>\n<p>7.\u00a0\u00a0\u00a0\u00a0 Shiat-zu\u00a0\u00a0\u00a0 \u00a0\u00a0\u00a0\u00a0\u00a0\u00a0\u00a0\u00a0\u00a0\u00a0\u00a0\u00a0\u00a0\u00a0\u00a0\u00a0\u00a0\u00a0\u00a0\u00a0\u00a0\u00a0\u00a0\u00a0\u00a0\u00a0\u00a0\u00a0\u00a0\u00a0\u00a0\u00a0\u00a0\u00a0\u00a0\u00a0\u00a0\u00a0\u00a0\u00a0\u00a0\u00a0\u00a0\u00a0\u00a0\u00a0\u00a0\u00a0 \u00a0 \u00a0 \u00a0 \u00a0 \u00a0 \u00a0 \u00a0 \u00a0\u00a0\u00a0 80 horas<\/p>\n<p>8.\u00a0\u00a0\u00a0\u00a0 Masaje Cyriax\u00a0\u00a0 \u00a0\u00a0\u00a0\u00a0\u00a0\u00a0\u00a0\u00a0\u00a0\u00a0\u00a0\u00a0\u00a0\u00a0\u00a0\u00a0\u00a0\u00a0\u00a0\u00a0\u00a0\u00a0\u00a0\u00a0\u00a0\u00a0\u00a0\u00a0\u00a0\u00a0\u00a0\u00a0\u00a0\u00a0\u00a0\u00a0\u00a0\u00a0 \u00a0 \u00a0 \u00a0 \u00a0 \u00a0 \u00a0\u00a0\u00a0\u00a0 80 horas<\/p>\n<p>9.\u00a0\u00a0\u00a0\u00a0 Est\u00e9tica corporal (Reductivo, celulitis, flacidez)\u00a0 280\u00a0 horas<\/p>\n<p>Cada modulo contara con una certificaci\u00f3n. Sera necesario cursar los 9 m\u00f3dulos y presentar una tesis junto al examen de grado para obtener el t\u00edtulo de QUIROMASAJISTA TERAP\u00c9UTICO.<\/p>\n<p>En cada modulo los alumnos tendr\u00e1n practica intensiva donde rendir\u00e1n informes de pacientes atendidos.<\/p>\n<p style=\"text-align: justify;\"><span style=\"color: #000000;\">Incluye todos los masajes tales como relajaci\u00f3n, sedante, antistress, defatigante, mio relajante, miofascial, descontracturante, drenaje linfatico, movilizaciones quiropracticas, tratamientos de problemas de columna como lumbagos, ciatica, tort\u00edcolis, dolores de hombros y cuello, fibromialgia, piernas hinchadas, tratamientos est\u00e9ticos como masaje reductivo, anti-celulitis, reafirmante, post parto, \u00a0pre y post cirug\u00eda pl\u00e1stica y otros.<\/span><br style=\"color: #000000;\" \/><span style=\"color: #000000;\">Dirigido a personas que deseen estudiar una carrera con futuro y renta atractiva.<\/span><\/p>\n<p style=\"text-align: justify;\"><span style=\"color: #000000;\">Para aprobar el curso es necesario acreditar 90% de asistencia, 50 pacientes de practica, promedio nota 5 Y presentar una tesis sobre tema a elecci\u00f3n.<\/span><br style=\"color: #000000;\" \/><span style=\"color: #000000;\">A partir del segundo mes de clases los alumnos est\u00e1n capacitados para atender pacientes a los que les pueden cobrar una suma modica usando las instalaciones de la escuela sin costo extra. As\u00ed pueden comenzar a ganar dinero mientras estudian.<\/span><br style=\"color: #000000;\" \/><span style=\"color: #000000;\">En el valor del curso est\u00e1n incluidos todos los materiales de estudio y practica<\/span><br style=\"color: #000000;\" \/><span style=\"color: #000000;\">Se incluye tambi\u00e9n el uniforme (el que se ve en la fotos) con pantal\u00f3n y delantal<\/span><\/p>\n<table style=\"color: #000000; height: 234px;\" border=\"0\" width=\"645\" cellspacing=\"1\" cellpadding=\"1\">\n<tbody>\n<tr class=\"subtitulo\" style=\"font-weight: bold; color: #666666;\">\n<td colspan=\"2\" height=\"15\">\n<table width=\"607\">\n<tbody>\n<tr>\n<td><strong>MALLA CURRICULAR<\/strong><\/td>\n<\/tr>\n<tr>\n<td><strong>(Contiene los temas incluidos en el examen de Cosmetologia del Servicio de Salud y del proyecto de reglamento para el ejercicio del Quiromasaje del Servicio de Salud.)<\/strong><\/td>\n<\/tr>\n<\/tbody>\n<\/table>\n<\/td>\n<\/tr>\n<tr>\n<td class=\"texto\" colspan=\"2\" valign=\"top\" bgcolor=\"#ECFAFB\" height=\"38\">\n<table>\n<tbody>\n<tr>\n<td>\u2022 Aparatos circulatorio, respiratorio, digestivo, excretor.<br \/>\n\u2022 Sistemas glandular, linf\u00e1tico, nervioso.<br \/>\n\u2022 Anatom\u00eda, Fisiolog\u00eda, Histolog\u00eda, Miolog\u00eda, Osteolog\u00eda. Histoqu\u00edmica.<br \/>\n\u2022 Fisio patolog\u00eda de la piel y columna vertebral<br \/>\n\u2022 Sistema m\u00fasculo esquel\u00e9tico y nervios relacionados.\u2022Tejido conjuntivo<br \/>\n\u2022 Historia y evoluci\u00f3n del masaje.<br \/>\n\u2022 Niveles de acci\u00f3n del masaje.<br \/>\n\u2022 Acci\u00f3n y efectos del masaje.<br \/>\n\u2022 Indicaciones y contra indicaciones.<br \/>\n\u2022 Manipulaciones primarias y complementarias<br \/>\n\u2022 Distribuci\u00f3n y fases<br \/>\n\u2022 Secuencias y estructuras<br \/>\n\u2022 T\u00e9cnicas de manipulaci\u00f3n vertebral por segmento, teor\u00eda y pr\u00e1ctica<br \/>\n\u2022 Liberaci\u00f3n miofascial, te\u00f3rico y pr\u00e1ctico.\u2022 Concepto de contracturas musculares. Fibras, sarcomeros.\u2022 Trigger point, tratamiento\u2022 Ciclo de Krebs y ATP\u2022 Introducci\u00f3n a la osteopat\u00eda<\/td>\n<td>\u2022 Piedras calientes en descontracturante y est\u00e9tica<\/p>\n<p>\u2022 T\u00e9cnicas orientales, shiat-zu, pindas.<\/p>\n<p>\u2022 Ergonom\u00eda<\/p>\n<p>\u2022 Higiene Materiales<br \/>\n\u2022 Qu\u00edmica cosm\u00e9tica<br \/>\n\u2022 Funciones de la cosm\u00e9tica<br \/>\n\u2022 Permeabilidad selectiva de la piel<br \/>\n\u2022 T\u00e9cnicas de aplicaci\u00f3n de cosm\u00e9ticos<br \/>\n\u2022 Tratamientos espec\u00edficos para alteraciones de la normalidad<br \/>\n\u2022 Principios activos utilizados<br \/>\n\u2022 Aparato logia usada en cosmetolog\u00eda y est\u00e9tica<br \/>\n\u2022 Fichas de pacientes<br \/>\n\u2022 Imagenolog\u00eda b\u00e1sica.<br \/>\n\u2022 Conceptos de Bio\u00e9tica o \u00e9tica aplicada al \u00e1rea de la salud<br \/>\n\u2022 Conocimientos de marketing<br \/>\n\u2022 T\u00e9cnicas de venta de servicios y productos<br \/>\n\u2022 Fidelizaci\u00f3n del cliente<br \/>\n\u2022 Ingles para atenci\u00f3n en cabina<\/td>\n<\/tr>\n<\/tbody>\n<\/table>\n<\/td>\n<\/tr>\n<tr>\n<td class=\"texto\" valign=\"top\" bgcolor=\"#ECFAFB\" width=\"298\" height=\"126\">\u00a0<img loading=\"lazy\" decoding=\"async\" class=\"size-medium wp-image-134 alignleft\" src=\"https:\/\/imaspro.cl\/wp\/wp-content\/uploads\/2014\/06\/sala1-300x225.jpg\" alt=\"sala1\" width=\"300\" height=\"225\" srcset=\"https:\/\/imaspro.cl\/wp\/wp-content\/uploads\/2014\/06\/sala1-300x225.jpg 300w, https:\/\/imaspro.cl\/wp\/wp-content\/uploads\/2014\/06\/sala1-768x576.jpg 768w, https:\/\/imaspro.cl\/wp\/wp-content\/uploads\/2014\/06\/sala1-200x150.jpg 200w, https:\/\/imaspro.cl\/wp\/wp-content\/uploads\/2014\/06\/sala1-150x113.jpg 150w, https:\/\/imaspro.cl\/wp\/wp-content\/uploads\/2014\/06\/sala1.jpg 960w\" sizes=\"auto, (max-width: 300px) 100vw, 300px\" \/><\/td>\n<td class=\"texto\" valign=\"top\" bgcolor=\"#ECFAFB\" width=\"302\"><img loading=\"lazy\" decoding=\"async\" class=\"size-medium wp-image-135 alignright\" src=\"https:\/\/imaspro.cl\/wp\/wp-content\/uploads\/2014\/06\/escuela2-300x231.jpg\" alt=\"escuela2\" width=\"300\" height=\"231\" srcset=\"https:\/\/imaspro.cl\/wp\/wp-content\/uploads\/2014\/06\/escuela2-300x231.jpg 300w, https:\/\/imaspro.cl\/wp\/wp-content\/uploads\/2014\/06\/escuela2-768x591.jpg 768w, https:\/\/imaspro.cl\/wp\/wp-content\/uploads\/2014\/06\/escuela2-1024x787.jpg 1024w, https:\/\/imaspro.cl\/wp\/wp-content\/uploads\/2014\/06\/escuela2-195x150.jpg 195w, https:\/\/imaspro.cl\/wp\/wp-content\/uploads\/2014\/06\/escuela2-150x115.jpg 150w, https:\/\/imaspro.cl\/wp\/wp-content\/uploads\/2014\/06\/escuela2.jpg 1056w\" sizes=\"auto, (max-width: 300px) 100vw, 300px\" \/><\/td>\n<\/tr>\n<\/tbody>\n<\/table>\n","protected":false},"excerpt":{"rendered":"<p>CURSO QUIROMASAJE TERAP\u00c9UTICO REQUISITOS Certificado de Ense\u00f1anza Media. DOCUMENTOS NECESARIOS: \u2022 Copia C\u00e9dula identidad. \u2022 Copia c\u00e9dula identidad Sostenedor de la carrera. \u2022 Documento que acredite domicilio del sostenedor de los estudios (recibo arriendo, boleta servicios b\u00e1sicos etc..) \u2022 Entrevista personal de evaluaci\u00f3n. Se ense\u00f1an las t\u00e9cnicas del Dr. Vicente &#8230;<\/p>\n<p class=\"continue-reading-button\"> <a class=\"continue-reading-link\" href=\"https:\/\/imaspro.cl\/wp\/?page_id=14\">Continue reading<i class=\"crycon-right-dir\"><\/i><\/a><\/p>\n","protected":false},"author":1,"featured_media":4,"parent":0,"menu_order":0,"comment_status":"closed","ping_status":"closed","template":"","meta":{"footnotes":""},"class_list":["post-14","page","type-page","status-publish","has-post-thumbnail","hentry"],"_links":{"self":[{"href":"https:\/\/imaspro.cl\/wp\/index.php?rest_route=\/wp\/v2\/pages\/14","targetHints":{"allow":["GET"]}}],"collection":[{"href":"https:\/\/imaspro.cl\/wp\/index.php?rest_route=\/wp\/v2\/pages"}],"about":[{"href":"https:\/\/imaspro.cl\/wp\/index.php?rest_route=\/wp\/v2\/types\/page"}],"author":[{"embeddable":true,"href":"https:\/\/imaspro.cl\/wp\/index.php?rest_route=\/wp\/v2\/users\/1"}],"replies":[{"embeddable":true,"href":"https:\/\/imaspro.cl\/wp\/index.php?rest_route=%2Fwp%2Fv2%2Fcomments&post=14"}],"version-history":[{"count":20,"href":"https:\/\/imaspro.cl\/wp\/index.php?rest_route=\/wp\/v2\/pages\/14\/revisions"}],"predecessor-version":[{"id":304,"href":"https:\/\/imaspro.cl\/wp\/index.php?rest_route=\/wp\/v2\/pages\/14\/revisions\/304"}],"wp:featuredmedia":[{"embeddable":true,"href":"https:\/\/imaspro.cl\/wp\/index.php?rest_route=\/wp\/v2\/media\/4"}],"wp:attachment":[{"href":"https:\/\/imaspro.cl\/wp\/index.php?rest_route=%2Fwp%2Fv2%2Fmedia&parent=14"}],"curies":[{"name":"wp","href":"https:\/\/api.w.org\/{rel}","templated":true}]}}