{"id":127,"date":"2016-12-03T00:11:26","date_gmt":"2016-12-03T00:11:26","guid":{"rendered":"http:\/\/imaspro.cl\/wp\/?page_id=127"},"modified":"2019-03-22T17:10:31","modified_gmt":"2019-03-22T17:10:31","slug":"modulo-1-quiromasaje-basico-y-aromaterapia","status":"publish","type":"page","link":"https:\/\/imaspro.cl\/wp\/?page_id=127","title":{"rendered":"QUIROMASAJE BASICO Y AROMATERAPIA\/DEFATIGANTE \/ DEPORTIVO"},"content":{"rendered":"<h1 style=\"text-align: center;\"><strong>MODULO 1 y 2 <\/strong><\/h1>\n<h1 style=\"text-align: center;\"><strong>QUIROMASAJE B\u00c1SICO Y AROMA TERAPIA\/ MASAJE DEFATIGANTE Y DEPORTIVO<br \/>\n<\/strong><\/h1>\n<p><strong>DURACI\u00d3N: \u00a0\u00a0<\/strong>350 horas\u00a0\u00a0 10 meses<strong><br \/>\n<\/strong><strong><br \/>\n<\/strong><\/p>\n<p><iframe loading=\"lazy\" src=\"\/\/www.youtube.com\/embed\/dD6ba2A4yqY\" width=\"560\" height=\"314\" allowfullscreen=\"allowfullscreen\"><\/iframe><\/p>\n<p><strong>REQUISITOS<\/strong><br \/>\nCertificado de Ense\u00f1anza Media.<\/p>\n<ul style=\"list-style-type: circle;\">\n<li><strong>DOCUMENTOS NECESARIOS<\/strong>:<br \/>\n\u2022 Copia c\u00e9dula identidad.<strong><br \/>\n\u2022 <\/strong>Copia c\u00e9dula identidad Sostenedor de la carrera.<br \/>\n\u2022 Documento que acredite domicilio del sostenedor de los estudios (recibo\u00a0 arriendo, boleta servicios b\u00e1sicos etc..)<br \/>\n\u2022 Entrevista personal de evaluaci\u00f3n.<\/li>\n<\/ul>\n<p>Se ense\u00f1an las t\u00e9cnicas del Dr. Vicente Lino Ferr\u00e1ndiz Garc\u00eda, creador del\u00a0 QUIROMASAJE en el a\u00f1o 1920 en Barcelona, Espa\u00f1a.<\/p>\n<p>Dirigido a personas que deseen estudiar una carrera corta, con futuro y renta\u00a0 atractiva.<\/p>\n<p>Para aprobar el curso es necesario acreditar 90% de asistencia, un numero de pacientes de practica , promedio nota 5 en parciales y en examen final.<br \/>\nEn caso de no alcanzar la nota necesaria para aprobar, deber\u00e1 prolongar la practica en 2 a 4 meses seg\u00fan las notas.<\/p>\n<p>A partir del primer mes de clases los alumnos est\u00e1n capacitados para atender pacientes a los que les pueden cobrar una suma m\u00f3dica usando las instalaciones de la escuela sin costo extra. As\u00ed pueden comenzar a ganar dinero mientras estudian. En el valor del curso est\u00e1n incluidos todos los materiales de estudio y practica. Se entrega gran cantidad de material impreso de estudio en anatom\u00eda y fisiolog\u00eda. Se ense\u00f1a a trabajar con distintos productos tales como cremas y aceites.<br \/>\nSe incluye tambi\u00e9n el uniforme con pantal\u00f3n y delantal.<\/p>\n<p>Estos son el primer y segundo modulo para optar al grado de QUIROMASAJISTA TERAP\u00c9UTICO.<\/p>\n<h1><strong>LOS MEJORES ALUMNOS TENDR\u00c1N PUBLICIDAD\u00a0 DE FORMA GRATUITA POR UN A\u00d1O<\/strong><\/h1>\n<p style=\"text-align: center;\"><img loading=\"lazy\" decoding=\"async\" class=\"alignnone size-medium wp-image-129\" src=\"https:\/\/imaspro.cl\/wp\/wp-content\/uploads\/2016\/12\/quir12-300x161.png\" alt=\"quir12\" width=\"300\" height=\"161\" srcset=\"https:\/\/imaspro.cl\/wp\/wp-content\/uploads\/2016\/12\/quir12-300x161.png 300w, https:\/\/imaspro.cl\/wp\/wp-content\/uploads\/2016\/12\/quir12-250x134.png 250w, https:\/\/imaspro.cl\/wp\/wp-content\/uploads\/2016\/12\/quir12-150x81.png 150w, https:\/\/imaspro.cl\/wp\/wp-content\/uploads\/2016\/12\/quir12.png 339w\" sizes=\"auto, (max-width: 300px) 100vw, 300px\" \/><\/p>\n<p><strong>MALLA CURRICULAR<\/strong><\/p>\n<p><strong>(Contiene los temas incluidos en el proyecto de reglamento para el ejercicio del<br \/>\nQuiromasaje del Servicio de Salud.<br \/>\n<\/strong><\/p>\n<ul style=\"list-style-type: square;\">\n<li>Aparatos circulatorio, respiratorio, digestivo, excretor.<br \/>\n\u2022 Sistemas glandular, linf\u00e1tico, nervioso.<br \/>\n\u2022 Anatom\u00eda, Fisiolog\u00eda, Histolog\u00eda, Miolog\u00eda, Osteolog\u00eda<br \/>\n\u2022 Fisiopatolog\u00eda de la piel y columna vertebral<br \/>\n\u2022 Sistema m\u00fasculo esquel\u00e9tico y nervios relacionados.<br \/>\n\u2022 Historia y evoluci\u00f3n del masaje.<\/li>\n<li>Aromaterapia<\/li>\n<li>Beneficios del masaje para el organismo<\/li>\n<li>Efectos del masaje en los tejidos<\/li>\n<li>Niveles de acci\u00f3n del masaje.<br \/>\n\u2022 Acci\u00f3n y efectos del masaje.<br \/>\n\u2022 Indicaciones y contraindicaciones.<br \/>\n\u2022 Manipulaciones primarias y complementarias<br \/>\n\u2022 Distribuci\u00f3n y fases<br \/>\n\u2022 Secuencias y estructuras<br \/>\n\u2022 T\u00e9cnicas de manipulaci\u00f3n vertebral por segmento, teor\u00eda y pr\u00e1ctica<\/li>\n<li>Tejido conectivo, sus caracter\u00edsticas, tipos y funciones<\/li>\n<li>Caracter\u00edsticas de las fascias<\/li>\n<li>T\u00e9cnicas miofasciales<\/li>\n<li>Liberaci\u00f3n miofascial, te\u00f3rico y pr\u00e1ctico.<\/li>\n<li>Tipos de masaje deportivo, caracter\u00edsticas, duraci\u00f3n, periodicidad y aplicaci\u00f3n<\/li>\n<li>Masaje precompetitivo<\/li>\n<li>Pr\u00e1ctica de maniobras y secuencia<\/li>\n<li>Masaje post competitivo (recordatorio de caracter\u00edsticas de aplicaci\u00f3n)<\/li>\n<li>Pr\u00e1ctica de maniobras y secuencia<\/li>\n<li>Evaluaci\u00f3n de acortamientos musculares<\/li>\n<li>T\u00e9cnicas pasivas de estiramiento muscular en base a la detecci\u00f3n de acortamientos musculares y de m\u00fasculo trabajados durante el deporte<\/li>\n<li>Cadenas musculares<\/li>\n<li>Masaje de mantenimiento, pr\u00e1ctica de maniobras y secuencia<\/li>\n<li>Pr\u00e1ctica de t\u00e9cnicas<\/li>\n<li>Ergonom\u00eda<\/li>\n<li>Higiene Materiales<\/li>\n<li>Qu\u00edmica cosm\u00e9tica<\/li>\n<li>Permeabilidad selectiva de la piel<\/li>\n<li>Fichas de pacientes<\/li>\n<li>Imagenolog\u00eda b\u00e1sica.<\/li>\n<li>Conceptos de Bio\u00e9tica o \u00e9tica aplicada al \u00e1rea de la salud<\/li>\n<li>Conocimientos de marketing<\/li>\n<li>T\u00e9cnicas de venta de servicios y productos<\/li>\n<li>Fidelizacion del cliente<\/li>\n<\/ul>\n","protected":false},"excerpt":{"rendered":"<p>MODULO 1 y 2 QUIROMASAJE B\u00c1SICO Y AROMA TERAPIA\/ MASAJE DEFATIGANTE Y DEPORTIVO DURACI\u00d3N: \u00a0\u00a0350 horas\u00a0\u00a0 10 meses REQUISITOS Certificado de Ense\u00f1anza Media. DOCUMENTOS NECESARIOS: \u2022 Copia c\u00e9dula identidad. \u2022 Copia c\u00e9dula identidad Sostenedor de la carrera. \u2022 Documento que acredite domicilio del sostenedor de los estudios (recibo\u00a0 arriendo, boleta &#8230;<\/p>\n<p class=\"continue-reading-button\"> <a class=\"continue-reading-link\" href=\"https:\/\/imaspro.cl\/wp\/?page_id=127\">Continue reading<i class=\"crycon-right-dir\"><\/i><\/a><\/p>\n","protected":false},"author":1,"featured_media":227,"parent":0,"menu_order":0,"comment_status":"closed","ping_status":"closed","template":"","meta":{"footnotes":""},"class_list":["post-127","page","type-page","status-publish","has-post-thumbnail","hentry"],"_links":{"self":[{"href":"https:\/\/imaspro.cl\/wp\/index.php?rest_route=\/wp\/v2\/pages\/127","targetHints":{"allow":["GET"]}}],"collection":[{"href":"https:\/\/imaspro.cl\/wp\/index.php?rest_route=\/wp\/v2\/pages"}],"about":[{"href":"https:\/\/imaspro.cl\/wp\/index.php?rest_route=\/wp\/v2\/types\/page"}],"author":[{"embeddable":true,"href":"https:\/\/imaspro.cl\/wp\/index.php?rest_route=\/wp\/v2\/users\/1"}],"replies":[{"embeddable":true,"href":"https:\/\/imaspro.cl\/wp\/index.php?rest_route=%2Fwp%2Fv2%2Fcomments&post=127"}],"version-history":[{"count":18,"href":"https:\/\/imaspro.cl\/wp\/index.php?rest_route=\/wp\/v2\/pages\/127\/revisions"}],"predecessor-version":[{"id":291,"href":"https:\/\/imaspro.cl\/wp\/index.php?rest_route=\/wp\/v2\/pages\/127\/revisions\/291"}],"wp:featuredmedia":[{"embeddable":true,"href":"https:\/\/imaspro.cl\/wp\/index.php?rest_route=\/wp\/v2\/media\/227"}],"wp:attachment":[{"href":"https:\/\/imaspro.cl\/wp\/index.php?rest_route=%2Fwp%2Fv2%2Fmedia&parent=127"}],"curies":[{"name":"wp","href":"https:\/\/api.w.org\/{rel}","templated":true}]}}