{"id":106,"date":"2016-06-02T19:11:48","date_gmt":"2016-06-02T19:11:48","guid":{"rendered":"http:\/\/imaspro.cl\/wp\/?page_id=106"},"modified":"2019-03-22T17:00:45","modified_gmt":"2019-03-22T17:00:45","slug":"curso-cosmetologia-facial-2","status":"publish","type":"page","link":"https:\/\/imaspro.cl\/wp\/?page_id=106","title":{"rendered":"CURSO  COSMETOLOGIA FACIAL"},"content":{"rendered":"<p style=\"text-align: center;\"><strong>CURSO\u00a0 COSMETOLOGIA FACIAL<\/strong><\/p>\n<p><strong><a href=\"https:\/\/imaspro.cl\/wp\/wp-content\/uploads\/2016\/06\/CURSOMASFAC1.jpg\"><img loading=\"lazy\" decoding=\"async\" class=\"wp-image-108 size-medium alignleft\" src=\"https:\/\/imaspro.cl\/wp\/wp-content\/uploads\/2016\/06\/CURSOMASFAC1-300x199.jpg\" alt=\"CURSOMASFAC1\" width=\"300\" height=\"199\" srcset=\"https:\/\/imaspro.cl\/wp\/wp-content\/uploads\/2016\/06\/CURSOMASFAC1-300x199.jpg 300w, https:\/\/imaspro.cl\/wp\/wp-content\/uploads\/2016\/06\/CURSOMASFAC1-1024x682.jpg 1024w, https:\/\/imaspro.cl\/wp\/wp-content\/uploads\/2016\/06\/CURSOMASFAC1-225x150.jpg 225w, https:\/\/imaspro.cl\/wp\/wp-content\/uploads\/2016\/06\/CURSOMASFAC1-150x99.jpg 150w, https:\/\/imaspro.cl\/wp\/wp-content\/uploads\/2016\/06\/CURSOMASFAC1.jpg 2048w\" sizes=\"auto, (max-width: 300px) 100vw, 300px\" \/><img loading=\"lazy\" decoding=\"async\" class=\"size-medium wp-image-144 alignnone\" src=\"https:\/\/imaspro.cl\/wp\/wp-content\/uploads\/2016\/06\/facial-clase-300x200.png\" alt=\"facial clase\" width=\"300\" height=\"200\" srcset=\"https:\/\/imaspro.cl\/wp\/wp-content\/uploads\/2016\/06\/facial-clase-300x200.png 300w, https:\/\/imaspro.cl\/wp\/wp-content\/uploads\/2016\/06\/facial-clase-225x150.png 225w, https:\/\/imaspro.cl\/wp\/wp-content\/uploads\/2016\/06\/facial-clase-150x100.png 150w, https:\/\/imaspro.cl\/wp\/wp-content\/uploads\/2016\/06\/facial-clase.png 604w\" sizes=\"auto, (max-width: 300px) 100vw, 300px\" \/><\/a><\/strong><\/p>\n<p><strong>DURACI\u00d3N: \u00a0\u00a0<\/strong>350 horas\u00a0\u00a0 10 meses<br \/>\n<strong>INICIO<\/strong>:\u00a0 Marzo 2019<br \/>\n<strong>HORARIOS:\u00a0\u00a0 <\/strong>a definir<strong><br \/>\n<\/strong><br \/>\n<strong>REQUISITOS \u00a0 \u00a0\u00a0<\/strong>Certificado de Ense\u00f1anza Media.<br \/>\n<strong>CUPOS MAXIMO 8 ALUMNOS<\/strong><\/p>\n<p><strong>DOCUMENTOS NECESARIOS<\/strong>:<br \/>\n\u2022\u00a0 Fotocopia Cedula identidad.<strong><br \/>\n<\/strong>\u2022\u00a0 Fotocopia c\u00e9dula identidad Sostenedor de la carrera.<br \/>\n\u2022\u00a0 Documento que acredite domicilio del sostenedor de los estudios (recibo de\u00a0\u00a0 arriendo, boleta servicios b\u00e1sicos etc..)<br \/>\n\u2022\u00a0 Certificado M\u00e9dico de Salud compatible para efectuar masajes (lo pide el Minsal \u00a0al rendir \u00a0examen)<br \/>\n\u2022 Entrevista personal de evaluaci\u00f3n.<\/p>\n<p><strong>VALORES :<\/strong><br \/>\nMatricula<br \/>\nMensualidad<\/p>\n<p><strong>Malla curricular de Cosmetolog\u00eda facial<\/strong><\/p>\n<ul>\n<li>Anatom\u00eda y fisiolog\u00eda de piel<\/li>\n<li>Anatom\u00eda y \u00a0fisiolog\u00eda de anexos o faneras<\/li>\n<li>Sistema sangu\u00edneo y linf\u00e1tico<\/li>\n<li>Tejido conjuntivo<\/li>\n<li>Funciones de la cosm\u00e9tica<\/li>\n<li>Permeabilidad selectiva de la piel<\/li>\n<li>Diagnostico \u00a0de piel<\/li>\n<li>Clasificaci\u00f3n de tipos de piel<\/li>\n<li>Desviaciones de la normalidad<\/li>\n<li>Productos Cosm\u00e9ticos<\/li>\n<li>Formas cosm\u00e9ticas<\/li>\n<li>Clasificaci\u00f3n de cosm\u00e9ticos<\/li>\n<li>T\u00e9cnicas de higiene y tonificacion<\/li>\n<li>Tipos y t\u00e9cnicas de Peeling<\/li>\n<li>Drenaje linf\u00e1tico de rostro y cuello<\/li>\n<li>Selecci\u00f3n de Principios activos<\/li>\n<li>T\u00e9cnicas de infiltraci\u00f3n manual y el\u00e9ctricas<\/li>\n<li>Masaje facial. T\u00e9cnicas Castells Zenkova.(Sedante, descongestivo,tonificante, rea firmante, subcut\u00e1neo)<\/li>\n<li>Mascaras<\/li>\n<li>Sol y piel<\/li>\n<li>Cosm\u00e9ticos de sellado<\/li>\n<li>Reacciones adversas a cosm\u00e9ticos<\/li>\n<li>Aparatologia facial<\/li>\n<li>Trastornos de la gl\u00e1ndula seb\u00e1cea<\/li>\n<li>Trastornos de la gl\u00e1ndula sudoripara<\/li>\n<li>Trastornos de la queratinizaci\u00f3n<\/li>\n<li>Trastornos de la metalog\u00e9nesis<\/li>\n<li>Trastornos vasculares<\/li>\n<li>Lesiones y enfermedades de la piel<\/li>\n<li>Morfolog\u00eda del rostro<\/li>\n<li>Correcciones y visagismo<\/li>\n<li>Maquillaje social. Maquillaje de fotografi\u00e1 y rejuvenecedor con tensores.<\/li>\n<li>Ondulaci\u00f3n, Extensi\u00f3n y tinte de pesta\u00f1as<\/li>\n<\/ul>\n<p style=\"text-align: center;\"><strong>Este curso capacita para rendir satisfactoriamente el examen del Ministerio de Salud de acuerdo al Decreto 88\/80<\/strong><\/p>\n<p style=\"text-align: center;\"><strong>EL 100% DE ALUMNOS EGRESADOS DE IMASPRO QUE SE HAN PRESENTADO A RENDIR EL EXAMEN, LO HAN APROBADO<\/strong><\/p>\n<p style=\"text-align: center;\"><img loading=\"lazy\" decoding=\"async\" class=\"alignnone size-medium wp-image-145\" src=\"https:\/\/imaspro.cl\/wp\/wp-content\/uploads\/2016\/06\/001-300x259.png\" alt=\"001\" width=\"300\" height=\"259\" srcset=\"https:\/\/imaspro.cl\/wp\/wp-content\/uploads\/2016\/06\/001-300x259.png 300w, https:\/\/imaspro.cl\/wp\/wp-content\/uploads\/2016\/06\/001-174x150.png 174w, https:\/\/imaspro.cl\/wp\/wp-content\/uploads\/2016\/06\/001-150x129.png 150w, https:\/\/imaspro.cl\/wp\/wp-content\/uploads\/2016\/06\/001.png 348w\" sizes=\"auto, (max-width: 300px) 100vw, 300px\" \/> <img loading=\"lazy\" decoding=\"async\" class=\"alignnone size-medium wp-image-146\" src=\"https:\/\/imaspro.cl\/wp\/wp-content\/uploads\/2016\/06\/005-300x266.png\" alt=\"005\" width=\"300\" height=\"266\" srcset=\"https:\/\/imaspro.cl\/wp\/wp-content\/uploads\/2016\/06\/005-300x266.png 300w, https:\/\/imaspro.cl\/wp\/wp-content\/uploads\/2016\/06\/005-169x150.png 169w, https:\/\/imaspro.cl\/wp\/wp-content\/uploads\/2016\/06\/005-150x133.png 150w, https:\/\/imaspro.cl\/wp\/wp-content\/uploads\/2016\/06\/005.png 410w\" sizes=\"auto, (max-width: 300px) 100vw, 300px\" \/> <img loading=\"lazy\" decoding=\"async\" class=\"alignnone size-medium wp-image-147\" src=\"https:\/\/imaspro.cl\/wp\/wp-content\/uploads\/2016\/06\/009-300x298.png\" alt=\"009\" width=\"300\" height=\"298\" srcset=\"https:\/\/imaspro.cl\/wp\/wp-content\/uploads\/2016\/06\/009-300x298.png 300w, https:\/\/imaspro.cl\/wp\/wp-content\/uploads\/2016\/06\/009-151x150.png 151w, https:\/\/imaspro.cl\/wp\/wp-content\/uploads\/2016\/06\/009-150x150.png 150w, https:\/\/imaspro.cl\/wp\/wp-content\/uploads\/2016\/06\/009.png 378w\" sizes=\"auto, (max-width: 300px) 100vw, 300px\" \/><\/p>\n","protected":false},"excerpt":{"rendered":"<p>CURSO\u00a0 COSMETOLOGIA FACIAL DURACI\u00d3N: \u00a0\u00a0350 horas\u00a0\u00a0 10 meses INICIO:\u00a0 Marzo 2019 HORARIOS:\u00a0\u00a0 a definir REQUISITOS \u00a0 \u00a0\u00a0Certificado de Ense\u00f1anza Media. CUPOS MAXIMO 8 ALUMNOS DOCUMENTOS NECESARIOS: \u2022\u00a0 Fotocopia Cedula identidad. \u2022\u00a0 Fotocopia c\u00e9dula identidad Sostenedor de la carrera. \u2022\u00a0 Documento que acredite domicilio del sostenedor de los estudios (recibo de\u00a0\u00a0 &#8230;<\/p>\n<p class=\"continue-reading-button\"> <a class=\"continue-reading-link\" href=\"https:\/\/imaspro.cl\/wp\/?page_id=106\">Continue reading<i class=\"crycon-right-dir\"><\/i><\/a><\/p>\n","protected":false},"author":1,"featured_media":107,"parent":0,"menu_order":0,"comment_status":"closed","ping_status":"closed","template":"","meta":{"footnotes":""},"class_list":["post-106","page","type-page","status-publish","has-post-thumbnail","hentry"],"_links":{"self":[{"href":"https:\/\/imaspro.cl\/wp\/index.php?rest_route=\/wp\/v2\/pages\/106","targetHints":{"allow":["GET"]}}],"collection":[{"href":"https:\/\/imaspro.cl\/wp\/index.php?rest_route=\/wp\/v2\/pages"}],"about":[{"href":"https:\/\/imaspro.cl\/wp\/index.php?rest_route=\/wp\/v2\/types\/page"}],"author":[{"embeddable":true,"href":"https:\/\/imaspro.cl\/wp\/index.php?rest_route=\/wp\/v2\/users\/1"}],"replies":[{"embeddable":true,"href":"https:\/\/imaspro.cl\/wp\/index.php?rest_route=%2Fwp%2Fv2%2Fcomments&post=106"}],"version-history":[{"count":16,"href":"https:\/\/imaspro.cl\/wp\/index.php?rest_route=\/wp\/v2\/pages\/106\/revisions"}],"predecessor-version":[{"id":281,"href":"https:\/\/imaspro.cl\/wp\/index.php?rest_route=\/wp\/v2\/pages\/106\/revisions\/281"}],"wp:featuredmedia":[{"embeddable":true,"href":"https:\/\/imaspro.cl\/wp\/index.php?rest_route=\/wp\/v2\/media\/107"}],"wp:attachment":[{"href":"https:\/\/imaspro.cl\/wp\/index.php?rest_route=%2Fwp%2Fv2%2Fmedia&parent=106"}],"curies":[{"name":"wp","href":"https:\/\/api.w.org\/{rel}","templated":true}]}}